{"id":67,"date":"2026-02-02T17:33:27","date_gmt":"2026-02-02T16:33:27","guid":{"rendered":"https:\/\/tndm.fr\/?page_id=67"},"modified":"2026-02-02T18:07:21","modified_gmt":"2026-02-02T17:07:21","slug":"67-2","status":"publish","type":"page","link":"https:\/\/tndm.fr\/","title":{"rendered":"Home alt"},"content":{"rendered":"\n<div class=\"wp-block-group alignfull is-style-section-2 has-global-padding is-layout-constrained wp-block-group-is-layout-constrained is-style-section-2--1\" style=\"margin-top:0;margin-bottom:0;padding-top:var(--wp--preset--spacing--60);padding-bottom:var(--wp--preset--spacing--60)\">\n<div class=\"wp-block-columns alignwide is-layout-flex wp-container-core-columns-is-layout-643ced6b wp-block-columns-is-layout-flex\">\n<div class=\"wp-block-column is-layout-flow wp-block-column-is-layout-flow\" style=\"flex-basis:40%\">\n<figure class=\"wp-block-image size-full\"><img loading=\"lazy\" decoding=\"async\" width=\"500\" height=\"500\" src=\"https:\/\/tndm.fr\/wp-content\/uploads\/2026\/02\/Logo-velo.jpg\" alt=\"TANDEM\" class=\"wp-image-24\" srcset=\"https:\/\/tndm.fr\/wp-content\/uploads\/2026\/02\/Logo-velo.jpg 500w, https:\/\/tndm.fr\/wp-content\/uploads\/2026\/02\/Logo-velo-300x300.jpg 300w, https:\/\/tndm.fr\/wp-content\/uploads\/2026\/02\/Logo-velo-150x150.jpg 150w\" sizes=\"auto, (max-width: 500px) 100vw, 500px\" \/><\/figure>\n<\/div>\n\n\n\n<div class=\"wp-block-column is-vertically-aligned-center is-layout-flow wp-container-core-column-is-layout-119bc444 wp-block-column-is-layout-flow\" style=\"flex-basis:60%\">\n<h2 class=\"wp-block-heading has-xx-large-font-size\">FAIRE PREFERER LA D\u00c9MOCRATIE, ENSEMBLE<\/h2>\n\n\n\n<p><em>\u00ab&nbsp;Le choix en politique n\u2019est pas entre le bien et le mal, mais entre le pr\u00e9f\u00e9rable et le d\u00e9testable.&nbsp;\u00bb<\/em><br><\/p>\n\n\n\n<div class=\"wp-block-group is-vertical is-layout-flex wp-container-core-group-is-layout-41e20069 wp-block-group-is-layout-flex\">\n<h3 class=\"wp-block-heading has-small-font-size\" style=\"font-style:normal;font-weight:600;letter-spacing:1px;text-transform:uppercase\">La d\u00e9mocratie est fatigu\u00e9e ; la confiance c\u00e8de souvent la place \u00e0 la d\u00e9fiance.<\/h3>\n\n\n\n<p>La d\u00e9mocratie est fatigu\u00e9e ; la confiance c\u00e8de souvent la place \u00e0 la d\u00e9fiance.&nbsp;<\/p>\n\n\n\n<p>Dans la lign\u00e9e de Raymond Aron, TANDEM se fixe pour mission de proposer une technologie pr\u00e9f\u00e9rable &#8211; par opposition \u00e0 une technologie d\u00e9testable.&nbsp;<\/p>\n\n\n\n<p>Nous d\u00e9veloppons des outils d\u2019acc\u00e8s \u00e0 <strong>l\u2019information<\/strong> et de <strong>dialogue<\/strong> <strong>lisibles, simples<\/strong>, <strong>ind\u00e9pendants<\/strong> pour redonner confiance aux citoyens et aux \u00e9lus \u2014 et les aider \u00e0 collaborer.\u00a0<\/p>\n<\/div>\n<\/div>\n<\/div>\n<\/div>\n\n\n\n<div class=\"wp-block-group alignfull is-style-section-5 has-global-padding is-layout-constrained wp-block-group-is-layout-constrained is-style-section-5--2\" style=\"margin-top:0;margin-bottom:0;padding-top:var(--wp--preset--spacing--50);padding-bottom:var(--wp--preset--spacing--50)\">\n<div class=\"wp-block-columns alignwide is-layout-flex wp-container-core-columns-is-layout-7ee84d44 wp-block-columns-is-layout-flex\">\n<div class=\"wp-block-column is-vertically-aligned-center is-layout-flow wp-block-column-is-layout-flow\" style=\"flex-basis:50%\">\n<h2 class=\"wp-block-heading\">Valeurs <\/h2>\n\n\n\n<p class=\"has-medium-font-size\"><\/p>\n\n\n\n<p class=\"has-medium-font-size\"><strong>Int\u00e9grit\u00e9<\/strong>: une information fond\u00e9e sur les faits et des algorithmes ouverts<\/p>\n\n\n\n<p><strong>Lisibilit\u00e9<\/strong>: une information plus simple et plus accessible pour le citoyen<\/p>\n\n\n\n<p><strong>Neutralit\u00e9<\/strong>: une information tra\u00e7able, r\u00e9f\u00e9renc\u00e9e, ind\u00e9pendante&nbsp;<\/p>\n\n\n\n<p><strong>Ouverture<\/strong>: une technologie d\u00e9sirable s\u2019appuyant sur des solutions open data &amp; open source<\/p>\n<\/div>\n\n\n\n<div class=\"wp-block-column is-vertically-aligned-center is-layout-flow wp-block-column-is-layout-flow\" style=\"flex-basis:50%\">\n<figure class=\"wp-block-image size-full\"><img loading=\"lazy\" decoding=\"async\" width=\"500\" height=\"500\" src=\"https:\/\/tndm.fr\/wp-content\/uploads\/2026\/02\/Logo-velo.jpg\" alt=\"TANDEM\" class=\"wp-image-24\" style=\"aspect-ratio:1;object-fit:cover\" srcset=\"https:\/\/tndm.fr\/wp-content\/uploads\/2026\/02\/Logo-velo.jpg 500w, https:\/\/tndm.fr\/wp-content\/uploads\/2026\/02\/Logo-velo-300x300.jpg 300w, https:\/\/tndm.fr\/wp-content\/uploads\/2026\/02\/Logo-velo-150x150.jpg 150w\" sizes=\"auto, (max-width: 500px) 100vw, 500px\" \/><\/figure>\n<\/div>\n<\/div>\n<\/div>\n\n\n\n<div class=\"wp-block-group alignfull is-style-section-1 has-global-padding is-layout-constrained wp-block-group-is-layout-constrained is-style-section-1--3\" style=\"margin-top:0;margin-bottom:0;padding-top:var(--wp--preset--spacing--80);padding-bottom:var(--wp--preset--spacing--80)\">\n<h2 class=\"wp-block-heading has-text-align-center\"><strong>Technologies pr\u00e9f\u00e9rables<\/strong><\/h2>\n\n\n\n<p><\/p>\n\n\n\n<p class=\"has-text-align-left\">Horodatage \/ int\u00e9grit\u00e9 des donn\u00e9es<\/p>\n\n\n\n<p>Mod\u00e8les de langage (r\u00e9sum\u00e9s, Q\/R en langage naturel)<\/p>\n\n\n\n<p>Open Data (OFGL, INSEE, data.gouv\u2026)<\/p>\n\n\n\n<p>Open Source (transparence &amp; communaut\u00e9)<\/p>\n\n\n\n<div style=\"height:var(--wp--preset--spacing--30)\" aria-hidden=\"true\" class=\"wp-block-spacer\"><\/div>\n<\/div>\n\n\n\n<div class=\"wp-block-group alignfull has-global-padding is-layout-constrained wp-container-core-group-is-layout-ebee8dc1 wp-block-group-is-layout-constrained\" style=\"margin-top:0;margin-bottom:0;padding-top:var(--wp--preset--spacing--50);padding-bottom:var(--wp--preset--spacing--50)\">\n<div class=\"wp-block-group alignwide is-content-justification-space-between is-layout-flex wp-container-core-group-is-layout-9366075c wp-block-group-is-layout-flex\">\n<h2 class=\"wp-block-heading alignwide has-text-align-left is-style-text-subtitle has-x-large-font-size is-style-text-subtitle--4\">Explorez les \u00e9pisodes<\/h2>\n\n\n\n<p class=\"is-style-text-annotation is-style-text-annotation--5\">Podcast<\/p>\n<\/div>\n\n\n\n<div class=\"wp-block-group alignwide is-layout-grid wp-container-core-group-is-layout-1ce758a5 wp-block-group-is-layout-grid\">\n<figure class=\"wp-block-video\"><\/figure>\n\n\n\n<figure class=\"wp-block-video\"><\/figure>\n\n\n\n<figure class=\"wp-block-video\"><\/figure>\n\n\n\n<figure class=\"wp-block-video\"><\/figure>\n\n\n\n<figure class=\"wp-block-video\"><\/figure>\n\n\n\n<figure class=\"wp-block-video\"><\/figure>\n<\/div>\n<\/div>\n\n\n\n<aside class=\"wp-block-group alignfull is-style-section-3 has-global-padding is-layout-constrained wp-container-core-group-is-layout-f0f2a97b wp-block-group-is-layout-constrained is-style-section-3--6\" style=\"margin-top:0;margin-bottom:0;padding-top:var(--wp--preset--spacing--50);padding-right:var(--wp--preset--spacing--50);padding-bottom:var(--wp--preset--spacing--50);padding-left:var(--wp--preset--spacing--50)\">\n<div class=\"wp-block-group is-vertical is-content-justification-center is-layout-flex wp-container-core-group-is-layout-8778ca4a wp-block-group-is-layout-flex\" style=\"min-height:360px;margin-top:0;margin-bottom:0\">\n<h2 class=\"wp-block-heading has-text-align-center has-xx-large-font-size\">Aidez la d\u00e9mocratie. <br>Nous vous invitons \u00e0 nous suivre pour construire ensemble une d\u00e9mocratie plus confiante et plus vivante. Merci.<\/h2>\n\n\n\n<p>Aidez la d\u00e9mocratie : dons d\u00e9ductibles \u00e0 66%.<\/p>\n\n\n\n<p class=\"has-text-align-center is-style-text-subtitle is-style-text-subtitle--7\"><\/p>\n\n\n\n<div style=\"height:0px\" aria-hidden=\"true\" class=\"wp-block-spacer wp-container-content-62aae154\"><\/div>\n\n\n\n<div class=\"wp-block-buttons is-content-justification-center is-layout-flex wp-container-core-buttons-is-layout-a89b3969 wp-block-buttons-is-layout-flex\">\n<div class=\"wp-block-button\"><a class=\"wp-block-button__link has-text-align-center wp-element-button\" href=\"https:\/\/www.helloasso.com\/associations\/tandem-tndm\/formulaires\/1\">En 2026, aidez la d\u00e9mocratie<\/a><\/div>\n<\/div>\n<\/div>\n<\/aside>\n","protected":false},"excerpt":{"rendered":"<p>FAIRE PREFERER LA D\u00c9MOCRATIE, ENSEMBLE \u00ab&nbsp;Le choix en politique n\u2019est pas entre le bien et le mal, mais entre le pr\u00e9f\u00e9rable et le d\u00e9testable.&nbsp;\u00bb La d\u00e9mocratie est fatigu\u00e9e ; la confiance c\u00e8de souvent la place \u00e0 la d\u00e9fiance. La d\u00e9mocratie est fatigu\u00e9e ; la confiance c\u00e8de souvent la place \u00e0 la d\u00e9fiance.&nbsp; Dans la lign\u00e9e [&hellip;]<\/p>\n","protected":false},"author":3,"featured_media":0,"parent":0,"menu_order":0,"comment_status":"closed","ping_status":"closed","template":"","meta":{"footnotes":""},"class_list":["post-67","page","type-page","status-publish","hentry"],"_links":{"self":[{"href":"https:\/\/tndm.fr\/index.php\/wp-json\/wp\/v2\/pages\/67","targetHints":{"allow":["GET"]}}],"collection":[{"href":"https:\/\/tndm.fr\/index.php\/wp-json\/wp\/v2\/pages"}],"about":[{"href":"https:\/\/tndm.fr\/index.php\/wp-json\/wp\/v2\/types\/page"}],"author":[{"embeddable":true,"href":"https:\/\/tndm.fr\/index.php\/wp-json\/wp\/v2\/users\/3"}],"replies":[{"embeddable":true,"href":"https:\/\/tndm.fr\/index.php\/wp-json\/wp\/v2\/comments?post=67"}],"version-history":[{"count":6,"href":"https:\/\/tndm.fr\/index.php\/wp-json\/wp\/v2\/pages\/67\/revisions"}],"predecessor-version":[{"id":76,"href":"https:\/\/tndm.fr\/index.php\/wp-json\/wp\/v2\/pages\/67\/revisions\/76"}],"wp:attachment":[{"href":"https:\/\/tndm.fr\/index.php\/wp-json\/wp\/v2\/media?parent=67"}],"curies":[{"name":"wp","href":"https:\/\/api.w.org\/{rel}","templated":true}]}}